{"id":85152,"date":"2020-09-06T13:43:36","date_gmt":"2020-09-06T13:43:36","guid":{"rendered":"https:\/\/museodellasedia.com\/en\/?post_type=product&#038;p=85152"},"modified":"2025-05-23T11:02:12","modified_gmt":"2025-05-23T11:02:12","slug":"j-l-mollers-mobelfabrik-niels-o-moller-model-71-1958","status":"publish","type":"product","link":"https:\/\/museodellasedia.com\/en\/product\/j-l-mollers-mobelfabrik-niels-o-moller-model-71-1958\/","title":{"rendered":"J.L M\u00f8llers M\u00f8belfabrik Niels O. M\u00f8ller Model 71 | 1958"},"content":{"rendered":"<p>Photographs from a private collection (Museo Della Sedia) of vintage Italian design chairs. \u00a9 All rights reserved.<\/p>\n","protected":false},"excerpt":{"rendered":"<p>Chairs made by J.L M\u00f8llers m\u00f8belfabrik design Niels O. M\u00f8ller year 1956. Structure in ebonized wood, seat in original green ecological leather.<\/p>\n<p>Set of four chairs in excellent vintage condition.<\/p>\n<p>Museo Della Sedia Collection.<\/p>\n","protected":false},"featured_media":85157,"template":"","meta":{"_seopress_robots_primary_cat":"none","_seopress_titles_title":"","_seopress_titles_desc":"Chairs made by J.L M\u00f8llers m\u00f8belfabrik design Niels O. M\u00f8ller year 1956. Structure in ebonized wood, seat in original green ecological leather.","_seopress_robots_index":""},"product_brand":[],"product_cat":[492,122,111,415],"product_tag":[],"class_list":{"0":"post-85152","1":"product","2":"type-product","3":"status-publish","4":"has-post-thumbnail","6":"product_cat-museo-della-sedia-collection","7":"product_cat-1950s","8":"product_cat-chairs","9":"product_cat-niels-otto-moller","11":"first","12":"instock","13":"shipping-taxable","14":"product-type-simple"},"_links":{"self":[{"href":"https:\/\/museodellasedia.com\/en\/wp-json\/wp\/v2\/product\/85152","targetHints":{"allow":["GET"]}}],"collection":[{"href":"https:\/\/museodellasedia.com\/en\/wp-json\/wp\/v2\/product"}],"about":[{"href":"https:\/\/museodellasedia.com\/en\/wp-json\/wp\/v2\/types\/product"}],"wp:featuredmedia":[{"embeddable":true,"href":"https:\/\/museodellasedia.com\/en\/wp-json\/wp\/v2\/media\/85157"}],"wp:attachment":[{"href":"https:\/\/museodellasedia.com\/en\/wp-json\/wp\/v2\/media?parent=85152"}],"wp:term":[{"taxonomy":"product_brand","embeddable":true,"href":"https:\/\/museodellasedia.com\/en\/wp-json\/wp\/v2\/product_brand?post=85152"},{"taxonomy":"product_cat","embeddable":true,"href":"https:\/\/museodellasedia.com\/en\/wp-json\/wp\/v2\/product_cat?post=85152"},{"taxonomy":"product_tag","embeddable":true,"href":"https:\/\/museodellasedia.com\/en\/wp-json\/wp\/v2\/product_tag?post=85152"}],"curies":[{"name":"wp","href":"https:\/\/api.w.org\/{rel}","templated":true}]}}